{"id":1344,"date":"2021-04-29T04:28:16","date_gmt":"2021-04-29T04:28:16","guid":{"rendered":"https:\/\/bravoizquierdo.cl\/web\/?page_id=1344"},"modified":"2024-07-30T21:57:52","modified_gmt":"2024-07-30T21:57:52","slug":"categorias-de-proyectos","status":"publish","type":"page","link":"https:\/\/bravoizquierdo.cl\/web\/categorias-de-proyectos\/","title":{"rendered":"Categor\u00edas de Proyectos"},"content":{"rendered":"<p>[et_pb_section fb_built=\u00bb1&#8243; _builder_version=\u00bb4.9.2&#8243; _module_preset=\u00bbdefault\u00bb max_height_tablet=\u00bb\u00bb max_height_phone=\u00bb\u00bb max_height_last_edited=\u00bbon|phone\u00bb custom_margin=\u00bb32px||||false|false\u00bb custom_padding=\u00bb0px||0px||true|false\u00bb global_colors_info=\u00bb{}\u00bb][et_pb_row custom_padding_last_edited=\u00bbon|phone\u00bb _builder_version=\u00bb4.9.2&#8243; _module_preset=\u00bbdefault\u00bb background_image=\u00bbhttps:\/\/bravoizquierdo.cl\/web\/wp-content\/uploads\/2021\/04\/Web-BI-8-1_page7_image10.png\u00bb width=\u00bb100%\u00bb max_width=\u00bb100%\u00bb custom_margin=\u00bb-16px|auto||auto||\u00bb custom_margin_tablet=\u00bb\u00bb custom_margin_phone=\u00bb-39px|auto||auto|false|false\u00bb custom_margin_last_edited=\u00bbon|phone\u00bb custom_padding=\u00bb48px||30px|||\u00bb custom_padding_tablet=\u00bb\u00bb custom_padding_phone=\u00bb58px||18px||false|false\u00bb global_colors_info=\u00bb{}\u00bb][et_pb_column type=\u00bb4_4&#8243; _builder_version=\u00bb4.9.2&#8243; _module_preset=\u00bbdefault\u00bb global_colors_info=\u00bb{}\u00bb][et_pb_text content_last_edited=\u00bboff|phone\u00bb _builder_version=\u00bb4.11.2&#8243; text_font=\u00bbOpen Sans|600|||||||\u00bb text_text_color=\u00bb#FFFFFF\u00bb text_font_size=\u00bb32px\u00bb text_line_height=\u00bb1.8em\u00bb link_font=\u00bbOpen Sans||||||||\u00bb link_text_color=\u00bb#0099e5&#8243; link_font_size=\u00bb18px\u00bb text_orientation=\u00bbcenter\u00bb width=\u00bb100%\u00bb module_alignment=\u00bbcenter\u00bb custom_margin=\u00bb-37px|||||\u00bb custom_margin_tablet=\u00bb\u00bb custom_margin_phone=\u00bb-38px||-23px||false|false\u00bb custom_margin_last_edited=\u00bbon|phone\u00bb custom_padding=\u00bb16px|||||\u00bb custom_padding_tablet=\u00bb\u00bb custom_padding_phone=\u00bb0px||||false|false\u00bb custom_padding_last_edited=\u00bbon|phone\u00bb text_font_size_tablet=\u00bb\u00bb text_font_size_phone=\u00bb20px\u00bb text_font_size_last_edited=\u00bbon|phone\u00bb locked=\u00bboff\u00bb global_colors_info=\u00bb{}\u00bb]<\/p>\n<p style=\"text-align: center;\"><span style=\"color: #ffffff;\">PROYECTOS<\/span><\/p>\n<p>[\/et_pb_text][\/et_pb_column][\/et_pb_row][et_pb_row column_structure=\u00bb1_3,1_3,1_3&#8243; disabled_on=\u00bboff|on|on\u00bb _builder_version=\u00bb4.9.2&#8243; _module_preset=\u00bbdefault\u00bb custom_padding=\u00bb0px||0px||true|false\u00bb background_last_edited=\u00bbon|phone\u00bb use_background_color_gradient_phone=\u00bbon\u00bb background_color_gradient_start_phone=\u00bb#000000&#8243; background_color_gradient_end_phone=\u00bb#8e1814&#8243; background_color_gradient_direction_phone=\u00bb90deg\u00bb custom_css_main_element=\u00bbDISPLAY:FLEX;\u00bb global_colors_info=\u00bb{}\u00bb][et_pb_column type=\u00bb1_3&#8243; _builder_version=\u00bb4.9.2&#8243; _module_preset=\u00bbdefault\u00bb global_colors_info=\u00bb{}\u00bb][et_pb_text _builder_version=\u00bb4.11.2&#8243; _module_preset=\u00bbdefault\u00bb text_font=\u00bbOpen Sans||||||||\u00bb text_orientation=\u00bbcenter\u00bb custom_padding_tablet=\u00bb\u00bb custom_padding_phone=\u00bb0px||0px||true|false\u00bb custom_padding_last_edited=\u00bbon|phone\u00bb global_colors_info=\u00bb{}\u00bb]<\/p>\n<p><span style=\"color: #ffffff;\">CATEGOR\u00cdA<\/span><\/p>\n<p>[\/et_pb_text][\/et_pb_column][et_pb_column type=\u00bb1_3&#8243; _builder_version=\u00bb4.9.2&#8243; _module_preset=\u00bbdefault\u00bb global_colors_info=\u00bb{}\u00bb][et_pb_text _builder_version=\u00bb4.9.2&#8243; _module_preset=\u00bbdefault\u00bb text_font=\u00bbOpen Sans||||||||\u00bb text_orientation=\u00bbcenter\u00bb global_colors_info=\u00bb{}\u00bb]<\/p>\n<p style=\"text-align: center;\"><span style=\"color: #ffffff;\">A\u00d1O<\/span><\/p>\n<p>[\/et_pb_text][\/et_pb_column][et_pb_column type=\u00bb1_3&#8243; _builder_version=\u00bb4.9.2&#8243; _module_preset=\u00bbdefault\u00bb global_colors_info=\u00bb{}\u00bb][et_pb_text _builder_version=\u00bb4.9.2&#8243; _module_preset=\u00bbdefault\u00bb text_font=\u00bbOpen Sans||||||||\u00bb text_orientation=\u00bbcenter\u00bb global_colors_info=\u00bb{}\u00bb]<\/p>\n<p style=\"text-align: center;\"><span style=\"color: #ffffff;\">REGI\u00d3N<\/span><\/p>\n<p>[\/et_pb_text][\/et_pb_column][\/et_pb_row][et_pb_row custom_padding_last_edited=\u00bbon|phone\u00bb _builder_version=\u00bb4.9.2&#8243; _module_preset=\u00bbdefault\u00bb background_image=\u00bbhttps:\/\/bravoizquierdo.cl\/web\/wp-content\/uploads\/2021\/04\/Web-BI-8-1_page7_image10.png\u00bb width=\u00bb100%\u00bb max_width=\u00bb100%\u00bb custom_margin=\u00bb-2px|auto||auto||\u00bb custom_padding=\u00bb2px||22px|||\u00bb custom_padding_tablet=\u00bb\u00bb custom_padding_phone=\u00bb2px||0px||false|false\u00bb global_colors_info=\u00bb{}\u00bb][et_pb_column type=\u00bb4_4&#8243; _builder_version=\u00bb4.9.2&#8243; _module_preset=\u00bbdefault\u00bb global_colors_info=\u00bb{}\u00bb][et_pb_de_mach_filter_posts filter_update_type=\u00bbupdate_field\u00bb filter_location=\u00bbfullwidth\u00bb fullwidth_columns=\u00bb3&#8243; fullwidth_columns_mobile=\u00bb3&#8243; column_min_width=\u00bb90px\u00bb column_gap=\u00bb1px\u00bb hide_reset=\u00bbon\u00bb filter_item_bg_color=\u00bb#FFFFFF\u00bb disabled_on=\u00bboff|off|off\u00bb _builder_version=\u00bb4.11.1&#8243; _module_preset=\u00bbdefault\u00bb form_field_background_color=\u00bb#FFFFFF\u00bb form_field_text_color=\u00bb#000000&#8243; form_field_focus_background_color=\u00bb#FFFFFF\u00bb form_field_focus_text_color=\u00bb#000000&#8243; title_font=\u00bbOpen Sans||||||||\u00bb title_text_color=\u00bb#000000&#8243; filter_headings_font=\u00bbOpen Sans|||on|||||\u00bb filter_headings_text_color=\u00bb#000000&#8243; custom_button=\u00bbon\u00bb button_text_size=\u00bb14px\u00bb button_text_color=\u00bb#000000&#8243; button_bg_color=\u00bb#FFFFFF\u00bb button_border_width=\u00bb0px\u00bb button_border_color=\u00bb#FFFFFF\u00bb button_border_radius=\u00bb10px\u00bb button_letter_spacing=\u00bb1px\u00bb button_font=\u00bbOpen Sans|||on|||||\u00bb button_use_icon=\u00bboff\u00bb button_alignment=\u00bbcenter\u00bb button_custom_margin=\u00bb|20px||20px|false|true\u00bb button_custom_padding=\u00bb|15px||15px|false|true\u00bb max_width=\u00bb1080px\u00bb max_width_tablet=\u00bb\u00bb max_width_phone=\u00bb100%\u00bb max_width_last_edited=\u00bbon|phone\u00bb module_alignment=\u00bbcenter\u00bb custom_margin=\u00bb-26px|||||\u00bb custom_padding=\u00bb|1px||1px|false|true\u00bb border_radii=\u00bboff||||\u00bb global_colors_info=\u00bb{}\u00bb][et_pb_de_mach_search_posts_item title=\u00bbCategor\u00eda\u00bb filter_post_type=\u00bbtaxonomy\u00bb custom_tax_choose=\u00bbtipo_de_proyecto\u00bb post_type_choose=\u00bbproject\u00bb show_label=\u00bboff\u00bb field_id=\u00bbField_1&#8243; select_placeholder=\u00bbCATEGORIA\u00bb radio_button_background_color=\u00bb#FFFFFF\u00bb _builder_version=\u00bb4.11.1&#8243; _module_preset=\u00bbdefault\u00bb form_field_background_color=\u00bbRGBA(0,0,0,0)\u00bb form_field_text_color=\u00bb#000000&#8243; form_field_focus_background_color=\u00bb#FFFFFF\u00bb form_field_focus_text_color=\u00bb#000000&#8243; title_font=\u00bbOpen Sans||||||||\u00bb title_text_color=\u00bb#000000&#8243; title_line_height=\u00bb1em\u00bb form_field_font=\u00bbOpen Sans||||||||\u00bb form_field_text_color_tablet=\u00bb\u00bb form_field_text_color_phone=\u00bb#FFFFFF\u00bb form_field_text_color_last_edited=\u00bbon|phone\u00bb form_field_focus_background_color_tablet=\u00bb\u00bb form_field_focus_background_color_phone=\u00bbRGBA(0,0,0,0)\u00bb form_field_focus_background_color_last_edited=\u00bbon|phone\u00bb form_field_focus_text_color_tablet=\u00bb\u00bb form_field_focus_text_color_phone=\u00bb#FFFFFF\u00bb form_field_focus_text_color_last_edited=\u00bbon|phone\u00bb title_font_size_tablet=\u00bb\u00bb title_font_size_phone=\u00bb12px\u00bb title_font_size_last_edited=\u00bbon|phone\u00bb title_line_height_phone=\u00bb0.8em\u00bb title_line_height_last_edited=\u00bboff|phone\u00bb form_field_font_size_tablet=\u00bb\u00bb form_field_font_size_phone=\u00bb10px\u00bb form_field_font_size_last_edited=\u00bbon|phone\u00bb form_field_letter_spacing_tablet=\u00bb\u00bb form_field_letter_spacing_phone=\u00bb\u00bb form_field_letter_spacing_last_edited=\u00bbon|phone\u00bb form_field_line_height_tablet=\u00bb\u00bb form_field_line_height_phone=\u00bb0.9em\u00bb form_field_line_height_last_edited=\u00bbon|phone\u00bb text_orientation_tablet=\u00bb\u00bb text_orientation_phone=\u00bbleft\u00bb text_orientation_last_edited=\u00bbon|phone\u00bb global_colors_info=\u00bb{}\u00bb][\/et_pb_de_mach_search_posts_item][et_pb_de_mach_search_posts_item title=\u00bbA\u00d1O\u00bb filter_post_type=\u00bbtaxonomy\u00bb custom_tax_choose=\u00bba\u00f1o\u00bb post_type_choose=\u00bbproject\u00bb show_label=\u00bboff\u00bb field_id=\u00bbField_1_2&#8243; select_placeholder=\u00bbA\u00d1O\u00bb radio_button_background_color=\u00bb#FFFFFF\u00bb _builder_version=\u00bb4.11.1&#8243; _module_preset=\u00bbdefault\u00bb form_field_background_color=\u00bbRGBA(0,0,0,0)\u00bb form_field_text_color=\u00bb#000000&#8243; form_field_focus_background_color=\u00bb#FFFFFF\u00bb form_field_focus_text_color=\u00bb#000000&#8243; title_font=\u00bbOpen Sans||||||||\u00bb title_text_color=\u00bb#000000&#8243; title_line_height=\u00bb1em\u00bb form_field_font=\u00bbOpen Sans||||||||\u00bb form_field_text_color_tablet=\u00bb\u00bb form_field_text_color_phone=\u00bb#FFFFFF\u00bb form_field_text_color_last_edited=\u00bbon|phone\u00bb form_field_focus_background_color_tablet=\u00bb\u00bb form_field_focus_background_color_phone=\u00bbRGBA(0,0,0,0)\u00bb form_field_focus_background_color_last_edited=\u00bbon|phone\u00bb form_field_focus_text_color_tablet=\u00bb\u00bb form_field_focus_text_color_phone=\u00bb#FFFFFF\u00bb form_field_focus_text_color_last_edited=\u00bbon|phone\u00bb title_font_size_tablet=\u00bb\u00bb title_font_size_phone=\u00bb12px\u00bb title_font_size_last_edited=\u00bbon|phone\u00bb form_field_letter_spacing_tablet=\u00bb\u00bb form_field_letter_spacing_phone=\u00bb\u00bb form_field_letter_spacing_last_edited=\u00bbon|phone\u00bb text_orientation_tablet=\u00bb\u00bb text_orientation_phone=\u00bbleft\u00bb text_orientation_last_edited=\u00bbon|phone\u00bb global_colors_info=\u00bb{}\u00bb][\/et_pb_de_mach_search_posts_item][et_pb_de_mach_search_posts_item title=\u00bbREGION\u00bb filter_post_type=\u00bbtaxonomy\u00bb custom_tax_choose=\u00bbregi\u00f3n\u00bb post_type_choose=\u00bbproject\u00bb show_label=\u00bboff\u00bb field_id=\u00bbField_1_2_2&#8243; select_placeholder=\u00bbREGI\u00d3N\u00bb radio_button_background_color=\u00bb#FFFFFF\u00bb _builder_version=\u00bb4.11.1&#8243; _module_preset=\u00bbdefault\u00bb form_field_background_color=\u00bbRGBA(0,0,0,0)\u00bb form_field_text_color=\u00bb#000000&#8243; form_field_focus_background_color=\u00bb#FFFFFF\u00bb form_field_focus_text_color=\u00bb#000000&#8243; title_font=\u00bbOpen Sans||||||||\u00bb title_text_color=\u00bb#000000&#8243; form_field_font=\u00bbOpen Sans||||||||\u00bb form_field_text_color_tablet=\u00bb\u00bb form_field_text_color_phone=\u00bb#FFFFFF\u00bb form_field_text_color_last_edited=\u00bbon|phone\u00bb form_field_focus_background_color_tablet=\u00bb\u00bb form_field_focus_background_color_phone=\u00bbRGBA(0,0,0,0)\u00bb form_field_focus_background_color_last_edited=\u00bbon|phone\u00bb form_field_focus_text_color_tablet=\u00bb\u00bb form_field_focus_text_color_phone=\u00bb#FFFFFF\u00bb form_field_focus_text_color_last_edited=\u00bbon|phone\u00bb title_font_size_tablet=\u00bb\u00bb title_font_size_phone=\u00bb12px\u00bb title_font_size_last_edited=\u00bbon|phone\u00bb title_line_height_tablet=\u00bb\u00bb title_line_height_phone=\u00bb0.8em\u00bb title_line_height_last_edited=\u00bbon|phone\u00bb form_field_letter_spacing_tablet=\u00bb\u00bb form_field_letter_spacing_phone=\u00bb\u00bb form_field_letter_spacing_last_edited=\u00bbon|phone\u00bb text_orientation_tablet=\u00bb\u00bb text_orientation_phone=\u00bbleft\u00bb text_orientation_last_edited=\u00bbon|phone\u00bb global_colors_info=\u00bb{}\u00bb][\/et_pb_de_mach_search_posts_item][\/et_pb_de_mach_filter_posts][\/et_pb_column][\/et_pb_row][et_pb_row _builder_version=\u00bb4.9.2&#8243; _module_preset=\u00bbdefault\u00bb global_colors_info=\u00bb{}\u00bb][et_pb_column type=\u00bb4_4&#8243; _builder_version=\u00bb4.9.2&#8243; _module_preset=\u00bbdefault\u00bb global_colors_info=\u00bb{}\u00bb][et_pb_de_mach_archive_loop post_type_choose=\u00bbproject|off|off|off|off|off|on\u00bb loop_layout=\u00bb823&#8243; no_posts_layout=\u00bb823&#8243; posts_number=\u00bb6&#8243; related_content_categories=\u00bbpost_cats\u00bb enable_loadmore=\u00bbpagination\u00bb columns=\u00bb3&#8243; _builder_version=\u00bb4.11.1&#8243; _module_preset=\u00bbdefault\u00bb title_font=\u00bbOpen Sans|||on|||||\u00bb title_text_align=\u00bbcenter\u00bb excerpt_font=\u00bbOpen Sans|||on|||||\u00bb excerpt_text_align=\u00bbcenter\u00bb custom_button=\u00bbon\u00bb button_text_size=\u00bb14px\u00bb button_font=\u00bb|||on|||||\u00bb text_orientation=\u00bbcenter\u00bb global_colors_info=\u00bb{}\u00bb][\/et_pb_de_mach_archive_loop][\/et_pb_column][\/et_pb_row][\/et_pb_section][et_pb_section fb_built=\u00bb1&#8243; _builder_version=\u00bb4.9.2&#8243; _module_preset=\u00bbdefault\u00bb custom_padding=\u00bb19px|||||\u00bb global_colors_info=\u00bb{}\u00bb][\/et_pb_section]<\/p>\n","protected":false},"excerpt":{"rendered":"<p>PROYECTOSCATEGOR\u00cdAA\u00d1OREGI\u00d3N<\/p>\n","protected":false},"author":1,"featured_media":0,"parent":0,"menu_order":0,"comment_status":"closed","ping_status":"closed","template":"","meta":{"_acf_changed":false,"_et_pb_use_builder":"on","_et_pb_old_content":"","_et_gb_content_width":"","footnotes":""},"class_list":["post-1344","page","type-page","status-publish","hentry"],"acf":[],"yoast_head":"<!-- This site is optimized with the Yoast SEO plugin v27.2 - https:\/\/yoast.com\/product\/yoast-seo-wordpress\/ -->\n<title>Categor\u00edas de Proyectos - Constructora Bravo Izquierdo<\/title>\n<meta name=\"robots\" content=\"index, follow, max-snippet:-1, max-image-preview:large, max-video-preview:-1\" \/>\n<link rel=\"canonical\" href=\"https:\/\/bravoizquierdo.cl\/web\/categorias-de-proyectos\/\" \/>\n<meta property=\"og:locale\" content=\"es_ES\" \/>\n<meta property=\"og:type\" content=\"article\" \/>\n<meta property=\"og:title\" content=\"Categor\u00edas de Proyectos - Constructora Bravo Izquierdo\" \/>\n<meta property=\"og:description\" content=\"PROYECTOSCATEGOR\u00cdAA\u00d1OREGI\u00d3N\" \/>\n<meta property=\"og:site_name\" content=\"Constructora Bravo Izquierdo\" \/>\n<meta property=\"article:publisher\" content=\"https:\/\/www.facebook.com\/bravoizquierdocl\" \/>\n<meta property=\"article:modified_time\" content=\"2024-07-30T21:57:52+00:00\" \/>\n<meta property=\"og:image\" content=\"https:\/\/bravoizquierdo.cl\/web\/wp-content\/uploads\/2021\/04\/logo.jpg\" \/>\n\t<meta property=\"og:image:width\" content=\"1000\" \/>\n\t<meta property=\"og:image:height\" content=\"1000\" \/>\n\t<meta property=\"og:image:type\" content=\"image\/jpeg\" \/>\n<meta name=\"twitter:card\" content=\"summary_large_image\" \/>\n<meta name=\"twitter:label1\" content=\"Tiempo de lectura\" \/>\n\t<meta name=\"twitter:data1\" content=\"3 minutos\" \/>\n<script type=\"application\/ld+json\" class=\"yoast-schema-graph\">{\"@context\":\"https:\/\/schema.org\",\"@graph\":[{\"@type\":\"WebPage\",\"@id\":\"https:\/\/bravoizquierdo.cl\/web\/categorias-de-proyectos\/\",\"url\":\"https:\/\/bravoizquierdo.cl\/web\/categorias-de-proyectos\/\",\"name\":\"Categor\u00edas de Proyectos - Constructora Bravo Izquierdo\",\"isPartOf\":{\"@id\":\"https:\/\/bravoizquierdo.cl\/web\/#website\"},\"datePublished\":\"2021-04-29T04:28:16+00:00\",\"dateModified\":\"2024-07-30T21:57:52+00:00\",\"breadcrumb\":{\"@id\":\"https:\/\/bravoizquierdo.cl\/web\/categorias-de-proyectos\/#breadcrumb\"},\"inLanguage\":\"es\",\"potentialAction\":[{\"@type\":\"ReadAction\",\"target\":[\"https:\/\/bravoizquierdo.cl\/web\/categorias-de-proyectos\/\"]}]},{\"@type\":\"BreadcrumbList\",\"@id\":\"https:\/\/bravoizquierdo.cl\/web\/categorias-de-proyectos\/#breadcrumb\",\"itemListElement\":[{\"@type\":\"ListItem\",\"position\":1,\"name\":\"Portada\",\"item\":\"https:\/\/bravoizquierdo.cl\/web\/\"},{\"@type\":\"ListItem\",\"position\":2,\"name\":\"Categor\u00edas de Proyectos\"}]},{\"@type\":\"WebSite\",\"@id\":\"https:\/\/bravoizquierdo.cl\/web\/#website\",\"url\":\"https:\/\/bravoizquierdo.cl\/web\/\",\"name\":\"Constructora Bravo Izquierdo\",\"description\":\"Bravo Izquierdo ha Construido y desarrollado proyectos tanto p&uacute;blicos como privados, a lo largo de todo Chile, con atenci&oacute;n personalizada a sus clientes y altos est&aacute;ndares de calidad e innovaci&oacute;n.\",\"publisher\":{\"@id\":\"https:\/\/bravoizquierdo.cl\/web\/#organization\"},\"potentialAction\":[{\"@type\":\"SearchAction\",\"target\":{\"@type\":\"EntryPoint\",\"urlTemplate\":\"https:\/\/bravoizquierdo.cl\/web\/?s={search_term_string}\"},\"query-input\":{\"@type\":\"PropertyValueSpecification\",\"valueRequired\":true,\"valueName\":\"search_term_string\"}}],\"inLanguage\":\"es\"},{\"@type\":\"Organization\",\"@id\":\"https:\/\/bravoizquierdo.cl\/web\/#organization\",\"name\":\"Bravo Izquierdo\",\"url\":\"https:\/\/bravoizquierdo.cl\/web\/\",\"logo\":{\"@type\":\"ImageObject\",\"inLanguage\":\"es\",\"@id\":\"https:\/\/bravoizquierdo.cl\/web\/#\/schema\/logo\/image\/\",\"url\":\"https:\/\/bravoizquierdo.cl\/web\/wp-content\/uploads\/2021\/04\/logo.jpg\",\"contentUrl\":\"https:\/\/bravoizquierdo.cl\/web\/wp-content\/uploads\/2021\/04\/logo.jpg\",\"width\":1000,\"height\":1000,\"caption\":\"Bravo Izquierdo\"},\"image\":{\"@id\":\"https:\/\/bravoizquierdo.cl\/web\/#\/schema\/logo\/image\/\"},\"sameAs\":[\"https:\/\/www.facebook.com\/bravoizquierdocl\",\"https:\/\/www.instagram.com\/bravoizquierdo_comunicaciones\/\",\"https:\/\/www.linkedin.com\/company\/bravo-izquierdo\/posts\/?feedView=all\",\"https:\/\/www.youtube.com\/channel\/UChKwaxagm1960GydfTLNecQ\"]}]}<\/script>\n<!-- \/ Yoast SEO plugin. -->","yoast_head_json":{"title":"Categor\u00edas de Proyectos - Constructora Bravo Izquierdo","robots":{"index":"index","follow":"follow","max-snippet":"max-snippet:-1","max-image-preview":"max-image-preview:large","max-video-preview":"max-video-preview:-1"},"canonical":"https:\/\/bravoizquierdo.cl\/web\/categorias-de-proyectos\/","og_locale":"es_ES","og_type":"article","og_title":"Categor\u00edas de Proyectos - Constructora Bravo Izquierdo","og_description":"PROYECTOSCATEGOR\u00cdAA\u00d1OREGI\u00d3N","og_site_name":"Constructora Bravo Izquierdo","article_publisher":"https:\/\/www.facebook.com\/bravoizquierdocl","article_modified_time":"2024-07-30T21:57:52+00:00","og_image":[{"width":1000,"height":1000,"url":"https:\/\/bravoizquierdo.cl\/web\/wp-content\/uploads\/2021\/04\/logo.jpg","type":"image\/jpeg"}],"twitter_card":"summary_large_image","twitter_misc":{"Tiempo de lectura":"3 minutos"},"schema":{"@context":"https:\/\/schema.org","@graph":[{"@type":"WebPage","@id":"https:\/\/bravoizquierdo.cl\/web\/categorias-de-proyectos\/","url":"https:\/\/bravoizquierdo.cl\/web\/categorias-de-proyectos\/","name":"Categor\u00edas de Proyectos - Constructora Bravo Izquierdo","isPartOf":{"@id":"https:\/\/bravoizquierdo.cl\/web\/#website"},"datePublished":"2021-04-29T04:28:16+00:00","dateModified":"2024-07-30T21:57:52+00:00","breadcrumb":{"@id":"https:\/\/bravoizquierdo.cl\/web\/categorias-de-proyectos\/#breadcrumb"},"inLanguage":"es","potentialAction":[{"@type":"ReadAction","target":["https:\/\/bravoizquierdo.cl\/web\/categorias-de-proyectos\/"]}]},{"@type":"BreadcrumbList","@id":"https:\/\/bravoizquierdo.cl\/web\/categorias-de-proyectos\/#breadcrumb","itemListElement":[{"@type":"ListItem","position":1,"name":"Portada","item":"https:\/\/bravoizquierdo.cl\/web\/"},{"@type":"ListItem","position":2,"name":"Categor\u00edas de Proyectos"}]},{"@type":"WebSite","@id":"https:\/\/bravoizquierdo.cl\/web\/#website","url":"https:\/\/bravoizquierdo.cl\/web\/","name":"Constructora Bravo Izquierdo","description":"Bravo Izquierdo ha Construido y desarrollado proyectos tanto p&uacute;blicos como privados, a lo largo de todo Chile, con atenci&oacute;n personalizada a sus clientes y altos est&aacute;ndares de calidad e innovaci&oacute;n.","publisher":{"@id":"https:\/\/bravoizquierdo.cl\/web\/#organization"},"potentialAction":[{"@type":"SearchAction","target":{"@type":"EntryPoint","urlTemplate":"https:\/\/bravoizquierdo.cl\/web\/?s={search_term_string}"},"query-input":{"@type":"PropertyValueSpecification","valueRequired":true,"valueName":"search_term_string"}}],"inLanguage":"es"},{"@type":"Organization","@id":"https:\/\/bravoizquierdo.cl\/web\/#organization","name":"Bravo Izquierdo","url":"https:\/\/bravoizquierdo.cl\/web\/","logo":{"@type":"ImageObject","inLanguage":"es","@id":"https:\/\/bravoizquierdo.cl\/web\/#\/schema\/logo\/image\/","url":"https:\/\/bravoizquierdo.cl\/web\/wp-content\/uploads\/2021\/04\/logo.jpg","contentUrl":"https:\/\/bravoizquierdo.cl\/web\/wp-content\/uploads\/2021\/04\/logo.jpg","width":1000,"height":1000,"caption":"Bravo Izquierdo"},"image":{"@id":"https:\/\/bravoizquierdo.cl\/web\/#\/schema\/logo\/image\/"},"sameAs":["https:\/\/www.facebook.com\/bravoizquierdocl","https:\/\/www.instagram.com\/bravoizquierdo_comunicaciones\/","https:\/\/www.linkedin.com\/company\/bravo-izquierdo\/posts\/?feedView=all","https:\/\/www.youtube.com\/channel\/UChKwaxagm1960GydfTLNecQ"]}]}},"_links":{"self":[{"href":"https:\/\/bravoizquierdo.cl\/web\/wp-json\/wp\/v2\/pages\/1344","targetHints":{"allow":["GET"]}}],"collection":[{"href":"https:\/\/bravoizquierdo.cl\/web\/wp-json\/wp\/v2\/pages"}],"about":[{"href":"https:\/\/bravoizquierdo.cl\/web\/wp-json\/wp\/v2\/types\/page"}],"author":[{"embeddable":true,"href":"https:\/\/bravoizquierdo.cl\/web\/wp-json\/wp\/v2\/users\/1"}],"replies":[{"embeddable":true,"href":"https:\/\/bravoizquierdo.cl\/web\/wp-json\/wp\/v2\/comments?post=1344"}],"version-history":[{"count":161,"href":"https:\/\/bravoizquierdo.cl\/web\/wp-json\/wp\/v2\/pages\/1344\/revisions"}],"predecessor-version":[{"id":3423,"href":"https:\/\/bravoizquierdo.cl\/web\/wp-json\/wp\/v2\/pages\/1344\/revisions\/3423"}],"wp:attachment":[{"href":"https:\/\/bravoizquierdo.cl\/web\/wp-json\/wp\/v2\/media?parent=1344"}],"curies":[{"name":"wp","href":"https:\/\/api.w.org\/{rel}","templated":true}]}}